{"id":75,"date":"2015-05-25T23:04:41","date_gmt":"2015-05-25T23:04:41","guid":{"rendered":"http:\/\/guayaquilrentacar.com\/?page_id=75"},"modified":"2025-12-13T08:40:08","modified_gmt":"2025-12-13T13:40:08","slug":"contactenos-car-rental-guayaquil","status":"publish","type":"page","link":"https:\/\/guayaquilrentacar.com\/en\/contactenos-car-rental-guayaquil\/","title":{"rendered":"Contact us at"},"content":{"rendered":"\n<div class=\"wp-block-uagb-image aligncenter uagb-block-f78b7072 wp-block-uagb-image--layout-default wp-block-uagb-image--effect-static wp-block-uagb-image--align-center\"><figure class=\"wp-block-uagb-image__figure\"><img decoding=\"async\" srcset=\"https:\/\/guayaquilrentacar.com\/wp-content\/uploads\/2025\/10\/cropped-Favicon.png ,https:\/\/guayaquilrentacar.com\/wp-content\/uploads\/2025\/10\/cropped-Favicon.png 780w, https:\/\/guayaquilrentacar.com\/wp-content\/uploads\/2025\/10\/cropped-Favicon.png 360w\" sizes=\"auto, (max-width: 480px) 150px\" src=\"https:\/\/guayaquilrentacar.com\/wp-content\/uploads\/2025\/10\/cropped-Favicon.png\" alt=\"car rental guayaquil cont\u00e1ctenos\" class=\"uag-image-1387\" width=\"100\" height=\"100\" title=\"alquiler de vehiculos en Guayaquil rentacar la mejor opcion\" loading=\"lazy\" role=\"img\"\/><\/figure><\/div>\n\n\n\n<div class=\"wp-block-uagb-container uagb-block-bf769f72 alignfull uagb-is-root-container\"><div class=\"uagb-container-inner-blocks-wrap\">\n<div class=\"wp-block-uagb-advanced-heading uagb-block-8bc5ef37\"><h1 class=\"uagb-heading-text\">Cont\u00e1ctenos Car Rental Guayaquil <\/h1><\/div>\n<\/div><\/div>\n\n\n\n<div class=\"wp-block-uagb-container uagb-block-bffb913c alignfull uagb-is-root-container\"><div class=\"uagb-container-inner-blocks-wrap\"><link rel='stylesheet' id='formidable-css' href='https:\/\/guayaquilrentacar.com\/wp-content\/plugins\/formidable\/css\/formidableforms.css' media='all' \/>\n<div class=\"frm_forms  with_frm_style frm_style_formidable-style\" id=\"frm_form_2_container\" >\n<form enctype=\"multipart\/form-data\" method=\"post\" class=\"frm-show-form \" id=\"form_4j25sv\" >\n<div class=\"frm_form_fields \">\n<fieldset>\n<legend class=\"frm_hidden\">Formulario de Contacto y Reservaciones<\/legend>\r\n\r\n<div class=\"frm_fields_container\">\n<input type=\"hidden\" name=\"frm_action\" value=\"create\" \/>\n<input type=\"hidden\" name=\"form_id\" value=\"2\" \/>\n<input type=\"hidden\" name=\"frm_hide_fields_2\" id=\"frm_hide_fields_2\" value=\"\" \/>\n<input type=\"hidden\" name=\"form_key\" value=\"4j25sv\" \/>\n<input type=\"hidden\" name=\"item_meta[0]\" value=\"\" \/>\n<input type=\"hidden\" id=\"frm_submit_entry_2\" name=\"frm_submit_entry_2\" value=\"3fb6d648a7\" \/><input type=\"hidden\" name=\"_wp_http_referer\" value=\"\/en\/wp-json\/wp\/v2\/pages\/75\" \/><div id=\"frm_field_8_container\" class=\"frm_form_field form-field  frm_required_field frm_top_container\">\r\n    <label for=\"field_stkaxz\" class=\"frm_primary_label\">Nombre y Apellido\r\n        <span class=\"frm_required\">*<\/span>\r\n    <\/label>\r\n    <input type=\"text\" id=\"field_stkaxz\" name=\"item_meta[8]\" value=\"\"  maxlength=\"20\" data-reqmsg=\"Digite su nombre completo\" aria-required=\"true\" data-invmsg=\"Nombre y Apellido is invalid\" aria-invalid=\"false\"  \/>\r\n    \r\n    \r\n<\/div>\n<div id=\"frm_field_9_container\" class=\"frm_form_field form-field  frm_required_field frm_top_container\">\r\n    <label for=\"field_hbal9f\" class=\"frm_primary_label\">E-mail\r\n        <span class=\"frm_required\">*<\/span>\r\n    <\/label>\r\n    <input type=\"email\" id=\"field_hbal9f\" name=\"item_meta[9]\" value=\"\"  data-reqmsg=\"Digite un email valido\" aria-required=\"true\" data-invmsg=\"Direcci\u00f3n Email no es v\u00e1lido\" aria-invalid=\"false\"  \/>\r\n    \r\n    \r\n<\/div>\n<div id=\"frm_field_10_container\" class=\"frm_form_field form-field  frm_required_field frm_top_container\">\r\n    <label for=\"field_3j044y\" class=\"frm_primary_label\">Tel\u00e9fono\r\n        <span class=\"frm_required\">*<\/span>\r\n    <\/label>\r\n    <input type=\"text\" id=\"field_3j044y\" name=\"item_meta[10]\" value=\"\"  maxlength=\"14\" data-reqmsg=\"Este campo no puede estar en blanco.\" aria-required=\"true\" data-invmsg=\"Tel\u00e9fono is invalid\" aria-invalid=\"false\"  \/>\r\n    \r\n    \r\n<\/div>\n<div id=\"frm_field_15_container\" class=\"frm_form_field form-field  frm_top_container\">\n    <label for=\"field_j6b983\" class=\"frm_primary_label\">Tipo de Veh\u00edculo\n        <span class=\"frm_required\"><\/span>\n    <\/label>\n    \t\t<select name=\"item_meta[15]\" id=\"field_j6b983\"  data-frmval=\"Escoja su veh\u00edculo\" data-invmsg=\"Tipo de Veh\u00edculo is invalid\" aria-invalid=\"false\"  >\n\t\t<option  value=\"Escoja su veh\u00edculo\" selected='selected'>Escoja su veh\u00edculo<\/option><option  value=\"Chevrolet Aveo - Sedan\">Chevrolet Aveo &#8211; Sedan<\/option><option  value=\"Chevrolet Sail - Sedan\">Chevrolet Sail &#8211; Sedan<\/option><option  value=\"Chevrolet Grand Vitara - SUV\">Chevrolet Grand Vitara &#8211; SUV<\/option><option  value=\"Grand Vitara SZ Automatico - SUV\">Grand Vitara SZ Automatico &#8211; SUV<\/option><option  value=\"Chevrolet Captiva - SUV\">Chevrolet Captiva &#8211; SUV<\/option><option  value=\"Hyundai Tucson IX -SUV\">Hyundai Tucson IX -SUV<\/option><option  value=\"Kia Sportage Active - SUV \">Kia Sportage Active &#8211; SUV <\/option><option  value=\"Chevrolet  Dimax - Pick Up\">Chevrolet  Dimax &#8211; Pick Up<\/option><option  value=\"Chevrolet Orlando - Minivan\">Chevrolet Orlando &#8211; Minivan<\/option><option  value=\"Hyundai H1 - 12 pax - Van\">Hyundai H1 &#8211; 12 pax &#8211; Van<\/option><option  value=\"Mercedes Sprinter - 15 pax - Van\">Mercedes Sprinter &#8211; 15 pax &#8211; Van<\/option><option  value=\"Volkswagen Crafter - 15 pax - Van\">Volkswagen Crafter &#8211; 15 pax &#8211; Van<\/option><option  value=\"Volkswagen Crafter - 20 pax - Van\">Volkswagen Crafter &#8211; 20 pax &#8211; Van<\/option><option  value=\"Yutong - 30 pax - Minibus\">Yutong &#8211; 30 pax &#8211; Minibus<\/option><option  value=\"Yutong - 40 pax - Bus\">Yutong &#8211; 40 pax &#8211; Bus<\/option>\t<\/select>\n\t\n    \n    \n<\/div>\n<div id=\"frm_field_12_container\" class=\"frm_form_field form-field  frm_required_field frm_top_container\">\r\n    <label for=\"field_eafki1\" class=\"frm_primary_label\">Mensaje\r\n        <span class=\"frm_required\">*<\/span>\r\n    <\/label>\r\n    <textarea name=\"item_meta[12]\" id=\"field_eafki1\" rows=\"5\"  data-reqmsg=\"Este campo no puede estar en blanco.\" aria-required=\"true\" data-invmsg=\"Mensaje is invalid\" aria-invalid=\"false\"  ><\/textarea>\r\n    \r\n    \r\n<\/div>\n<div id=\"frm_field_16_container\" class=\"frm_form_field form-field  frm_top_container\">\n    <label for=\"g-recaptcha-response\" class=\"frm_primary_label\">reCAPTCHA\n        <span class=\"frm_required\"><\/span>\n    <\/label>\n    <div  id=\"field_x58pm\" class=\"g-recaptcha\" data-sitekey=\"6Lf5oKwUAAAAAOdOcEYmdp6xfqYTqs01UMg_bCMN\" data-size=\"normal\" data-theme=\"light\"><\/div>\n    \n    \n<\/div>\n<div id=\"frm_field_17_container\" class=\"frm_form_field form-field \">\n\t<div class=\"frm_submit\">\r\n\r\n<input type=\"submit\" value=\"Enviar\"  \/>\r\n<img decoding=\"async\" class=\"frm_ajax_loading\" src=\"https:\/\/guayaquilrentacar.com\/wp-content\/plugins\/formidable\/images\/ajax_loader.gif\" alt=\"Enviando\"\/>\r\n\r\n<\/div>\n<\/div>\n\t<input type=\"hidden\" name=\"item_key\" value=\"\" \/>\n\t\t\t<div id=\"frm_field_19_container\">\n\t\t\t<label for=\"field_pr8n7\" >\n\t\t\t\tIf you are human, leave this field blank.\t\t\t<\/label>\n\t\t\t<input  id=\"field_pr8n7\" type=\"text\" class=\"frm_form_field form-field frm_verify\" name=\"item_meta[19]\" value=\"\"  \/>\n\t\t<\/div>\n\t\t<input name=\"frm_state\" type=\"hidden\" value=\"QWREjsHWd9ZXMJyXkqafGmyWBMzVW9hkoRq8VcTkKkg=\" \/><\/div>\n<\/fieldset>\n<\/div>\n\n<\/form>\n<\/div>\n<\/div><\/div>\n\n\n\n<div class=\"wp-block-uagb-container uagb-block-09e49271 alignfull uagb-is-root-container\"><div class=\"uagb-container-inner-blocks-wrap\">\n<div class=\"wp-block-uagb-advanced-heading uagb-block-7a40cd2c\"><h2 class=\"uagb-heading-text\">Cont\u00e1ctenos Car rental Guayaquil &#8211; Guayarentsa<\/h2><\/div>\n<\/div><\/div>\n\n\n\n<div class=\"wp-block-uagb-container uagb-block-32633f6f alignfull uagb-is-root-container\"><div class=\"uagb-container-inner-blocks-wrap\">\n<iframe src=\"https:\/\/www.google.com\/maps\/embed?pb=!1m18!1m12!1m3!1d3987.0403920255467!2d-79.88552762499357!3d-2.138192437150697!2m3!1f0!2f0!3f0!3m2!1i1024!2i768!4f13.1!3m3!1m2!1s0x902d6da60cb769c5%3A0xac5924dba2a00106!2sGuayarent.%20Alquiler%20de%20Autos%20Guayaquil%20Rentacar.%20Van%20Service!5e0!3m2!1ses!2sec!4v1764802935932!5m2!1ses!2sec\" width=\"1040\" height=\"450\" style=\"border:0;\" allowfullscreen=\"\" loading=\"lazy\" referrerpolicy=\"no-referrer-when-downgrade\"><\/iframe>\n<\/div><\/div>\n\n\n\n<div class=\"wp-block-uagb-advanced-heading uagb-block-ac90b3c4\"><h2 class=\"uagb-heading-text\">Cont\u00e1ctenos Car Rental Guayaquil <\/h2><\/div>\n\n\n\n<div class=\"wp-block-uagb-container uagb-block-64276c87 alignfull uagb-is-root-container\"><div class=\"uagb-container-inner-blocks-wrap\">\n<style>\n    .btn-leer-mas-pequeno {\n        display: inline-block;\n        padding: 6px 12px;\n        background-color: #17387a; \/* Azul normal *\/\n        color: #ffffff !important;\n        font-size: 0.9em;\n        border-radius: 5px;\n        text-decoration: none;\n        cursor: pointer;\n        margin-top: 6px;\n        transition: 0.2s ease;\n    }\n    .btn-leer-mas-pequeno:hover {\n        background-color: #0f2a5c; \/* Azul m\u00e1s intenso *\/\n    }\n<\/style>\n\n<div class=\"texto-contacto-rentacar\" style=\"font-size: 1em; line-height: 1.5;\">\n    \n    <h2 style=\"color: #17387a; font-weight: bold; margin-bottom: 15px; text-align: center; font-size: 1.4em;\">\n        Alquiler de Autos en Guayaquil\n    <\/h2>\n    \n    <p>\n        En Car Rental Guayaquil te ofrecemos atenci\u00f3n inmediata, veh\u00edculos modernos y disponibilidad 24\/7 para tu movilidad en la ciudad.\n    <\/p>\n\n    <p>\n        Consulta sobre nuestro servicio de \n        <a href=\"https:\/\/guayaquilrentacar.com\/alquiler-de-autos-guayaquil\/\" style=\"text-decoration: underline;\">\n            alquiler de carros en Guayaquil\n        <\/a>.\n    <\/p>\n\n        <a class=\"btn-leer-mas-pequeno\" onclick=\"document.querySelector('.completo').style.display='block'; this.style.display='none';\">\n        Leer m\u00e1s\n    <\/a>\n\n        <div class=\"completo\" style=\"display: none; margin-top: 10px;\">\n\n        <p>\n            Atendemos en el Aeropuerto Jos\u00e9 Joaqu\u00edn de Olmedo y en nuestras oficinas en el norte y centro de Guayaquil, con asistencia en carretera 24\/7.\n        <\/p>\n\n        <p>\n            Descubre por qu\u00e9 somos la opci\u00f3n favorita en \n            <a href=\"https:\/\/guayaquilrentacar.com\/alquiler-de-autos-sedan\/\" style=\"text-decoration: underline;\">\n                alquiler de autos en Guayaquil\n            <\/a>, ofreciendo comodidad, rapidez y seguridad.\n        <\/p>\n\n        <p>\n            En Car Rental Guayaquil trabajamos para ofrecerte una experiencia confiable, pr\u00e1ctica y completamente adaptada a tus necesidades de viaje. Nuestro objetivo es que puedas movilizarte con total tranquilidad, ya sea que viajes por turismo, negocios, emergencias o simplemente quieras recorrer la ciudad con libertad. Contamos con un amplio cat\u00e1logo de veh\u00edculos que incluye autos compactos, sedanes, SUV, camionetas doble cabina, vans familiares, furgonetas ejecutivas y unidades especiales para grupos grandes. Todos nuestros veh\u00edculos pasan por un estricto proceso de mantenimiento preventivo para garantizarte seguridad, comodidad y excelente rendimiento en carretera.\n        <\/p>\n\n        <p>\n            Adem\u00e1s, sabemos que cada cliente tiene necesidades diferentes, por eso ofrecemos planes flexibles de alquiler de autos por d\u00edas, semanas o meses, con tarifas competitivas y opciones personalizadas para empresas, ejecutivos, familias y turistas. Tambi\u00e9n disponemos de servicios adicionales como entrega del veh\u00edculo en tu hotel, domicilio o lugar de trabajo, as\u00ed como renta con conductor profesional para quienes requieren traslados ejecutivos o viajes interprovinciales sin complicaciones.\n        <\/p>\n\n        <p>\n            Nuestro equipo de atenci\u00f3n siempre est\u00e1 disponible para resolver dudas, enviar cotizaciones r\u00e1pidas y ayudarte a elegir el veh\u00edculo ideal seg\u00fan tu ruta, n\u00famero de pasajeros y carga. Si viajas a la Costa, Sierra o Amazon\u00eda, te asesoramos sobre el tipo de auto m\u00e1s adecuado para cada terreno, explic\u00e1ndote opciones como 4&#215;2, 4&#215;4, modelos autom\u00e1ticos, manuales o unidades con mayor capacidad de equipaje.\n        <\/p>\n\n        <p>\n            Tambi\u00e9n ofrecemos beneficios adicionales como kilometraje ilimitado (en categor\u00edas seleccionadas), seguros completos, asistencia mec\u00e1nica, reemplazo de veh\u00edculo por aver\u00eda y soporte permanente durante tu alquiler de autos. Para quienes visitan Guayaquil, contamos con servicio especial en el aeropuerto, permitiendo recoger o devolver el veh\u00edculo sin perder tiempo en traslados. Esto es ideal para viajeros frecuentes, ejecutivos y turistas que desean optimizar su agenda.\n        <\/p>\n\n        <p>\n            Si buscas recorrer localidades cercanas como Salinas, Monta\u00f1ita, Playas, Manta o Cuenca, te guiamos sobre rutas, peajes y recomendaciones de viaje, asegurando un trayecto seguro y sin contratiempos. Nuestro compromiso es que disfrutes un servicio transparente, sin costos ocultos, sin tr\u00e1mites complicados y con una atenci\u00f3n humana que marca la diferencia.\n        <\/p>\n\n        <p>\n            Ya sea que necesites el alquiler de autos peque\u00f1os para moverte por la ciudad, un SUV para viajar en familia o una camioneta para trabajo, en Car Rental Guayaquil tenemos la soluci\u00f3n perfecta para ti. Miles de clientes nos recomiendan por nuestra rapidez, puntualidad, calidad de veh\u00edculos y porque siempre brindamos un acompa\u00f1amiento real antes, durante y despu\u00e9s de la renta.\n        <\/p>\n\n        <p>\n    Si deseas una cotizaci\u00f3n inmediata y \n    <a href=\"https:\/\/wa.me\/593988668077?text=Hola,%20quisiera%20cotizar%20un%20alquiler%20de%20auto\" target=\"_blank\" style=\"font-weight: bold; color: #17387a; text-decoration: underline;\" rel=\"noopener\">\n        reservar el alquiler autos escr\u00edbenos ya!\n    <\/a>, estamos listos para ayudarte. Tu movilidad en Guayaquil comienza con un servicio seguro, profesional y confiable. \u00a1Te esperamos!\n<\/p>\n\n    <\/div>\n\n<\/div>\n<\/div><\/div>\n\n\n\n<div class=\"wp-block-uagb-advanced-heading uagb-block-6cd79b03\"><h3 class=\"uagb-heading-text\">\u00a1Puedes Reservar escribi\u00e9ndonos o llamarnos al WhatsApp! <\/h3><\/div>\n\n\n\n<div class=\"wp-block-uagb-buttons uagb-buttons__outer-wrap uagb-btn__default-btn uagb-btn-tablet__default-btn uagb-btn-mobile__default-btn uagb-block-6325c565\"><div class=\"uagb-buttons__wrap uagb-buttons-layout-wrap \">\n<div class=\"wp-block-uagb-buttons-child uagb-buttons__outer-wrap uagb-block-0dc93428 wp-block-button\"><div class=\"uagb-button__wrapper\"><a class=\"uagb-buttons-repeater wp-block-button__link\" aria-label=\"\" href=\"https:\/\/wa.me\/593988668077?text=Hola%20quiero%20hacer%20una%20reserva\" rel=\"follow noopener\" target=\"_blank\" role=\"button\"><div class=\"uagb-button__link\">Escribir Ya!<\/div><\/a><\/div><\/div>\n<\/div><\/div>\n","protected":false},"excerpt":{"rendered":"<p>Cont\u00e1ctenos Car Rental Guayaquil Cont\u00e1ctenos Car rental Guayaquil &#8211; Guayarentsa Cont\u00e1ctenos Car Rental Guayaquil Alquiler de Autos en Guayaquil En [&hellip;]<\/p>\n","protected":false},"author":1,"featured_media":0,"parent":0,"menu_order":0,"comment_status":"closed","ping_status":"closed","template":"","meta":{"_uag_custom_page_level_css":"","site-sidebar-layout":"default","site-content-layout":"","ast-site-content-layout":"default","site-content-style":"default","site-sidebar-style":"default","ast-global-header-display":"","ast-banner-title-visibility":"","ast-main-header-display":"","ast-hfb-above-header-display":"","ast-hfb-below-header-display":"","ast-hfb-mobile-header-display":"","site-post-title":"disabled","ast-breadcrumbs-content":"","ast-featured-img":"","footer-sml-layout":"","theme-transparent-header-meta":"","adv-header-id-meta":"","stick-header-meta":"","header-above-stick-meta":"","header-main-stick-meta":"","header-below-stick-meta":"","astra-migrate-meta-layouts":"default","ast-page-background-enabled":"default","ast-page-background-meta":{"desktop":{"background-color":"var(--ast-global-color-5)","background-image":"","background-repeat":"repeat","background-position":"center center","background-size":"auto","background-attachment":"scroll","background-type":"","background-media":"","overlay-type":"","overlay-color":"","overlay-opacity":"","overlay-gradient":""},"tablet":{"background-color":"","background-image":"","background-repeat":"repeat","background-position":"center center","background-size":"auto","background-attachment":"scroll","background-type":"","background-media":"","overlay-type":"","overlay-color":"","overlay-opacity":"","overlay-gradient":""},"mobile":{"background-color":"","background-image":"","background-repeat":"repeat","background-position":"center center","background-size":"auto","background-attachment":"scroll","background-type":"","background-media":"","overlay-type":"","overlay-color":"","overlay-opacity":"","overlay-gradient":""}},"ast-content-background-meta":{"desktop":{"background-color":"var(--ast-global-color-4)","background-image":"","background-repeat":"repeat","background-position":"center center","background-size":"auto","background-attachment":"scroll","background-type":"","background-media":"","overlay-type":"","overlay-color":"","overlay-opacity":"","overlay-gradient":""},"tablet":{"background-color":"var(--ast-global-color-4)","background-image":"","background-repeat":"repeat","background-position":"center center","background-size":"auto","background-attachment":"scroll","background-type":"","background-media":"","overlay-type":"","overlay-color":"","overlay-opacity":"","overlay-gradient":""},"mobile":{"background-color":"var(--ast-global-color-4)","background-image":"","background-repeat":"repeat","background-position":"center center","background-size":"auto","background-attachment":"scroll","background-type":"","background-media":"","overlay-type":"","overlay-color":"","overlay-opacity":"","overlay-gradient":""}},"footnotes":""},"class_list":["post-75","page","type-page","status-publish","hentry"],"uagb_featured_image_src":{"full":false,"thumbnail":false,"medium":false,"medium_large":false,"large":false,"1536x1536":false,"2048x2048":false,"trp-custom-language-flag":false},"uagb_author_info":{"display_name":"gyeadmin","author_link":"https:\/\/guayaquilrentacar.com\/en\/author\/admin\/"},"uagb_comment_info":0,"uagb_excerpt":"Cont\u00e1ctenos Car Rental Guayaquil Cont\u00e1ctenos Car rental Guayaquil &#8211; Guayarentsa Cont\u00e1ctenos Car Rental Guayaquil Alquiler de Autos en Guayaquil En [&hellip;]","_links":{"self":[{"href":"https:\/\/guayaquilrentacar.com\/en\/wp-json\/wp\/v2\/pages\/75","targetHints":{"allow":["GET"]}}],"collection":[{"href":"https:\/\/guayaquilrentacar.com\/en\/wp-json\/wp\/v2\/pages"}],"about":[{"href":"https:\/\/guayaquilrentacar.com\/en\/wp-json\/wp\/v2\/types\/page"}],"author":[{"embeddable":true,"href":"https:\/\/guayaquilrentacar.com\/en\/wp-json\/wp\/v2\/users\/1"}],"replies":[{"embeddable":true,"href":"https:\/\/guayaquilrentacar.com\/en\/wp-json\/wp\/v2\/comments?post=75"}],"version-history":[{"count":84,"href":"https:\/\/guayaquilrentacar.com\/en\/wp-json\/wp\/v2\/pages\/75\/revisions"}],"predecessor-version":[{"id":3542,"href":"https:\/\/guayaquilrentacar.com\/en\/wp-json\/wp\/v2\/pages\/75\/revisions\/3542"}],"wp:attachment":[{"href":"https:\/\/guayaquilrentacar.com\/en\/wp-json\/wp\/v2\/media?parent=75"}],"curies":[{"name":"wp","href":"https:\/\/api.w.org\/{rel}","templated":true}]}}