{"id":61,"date":"2015-05-25T22:58:54","date_gmt":"2015-05-25T22:58:54","guid":{"rendered":"http:\/\/guayaquilrentacar.com\/?page_id=61"},"modified":"2026-04-14T15:13:05","modified_gmt":"2026-04-14T20:13:05","slug":"alquiler-de-autos-suv","status":"publish","type":"page","link":"https:\/\/guayaquilrentacar.com\/en\/alquiler-de-autos-suv\/","title":{"rendered":"Car Rentals"},"content":{"rendered":"<div class=\"wp-block-uagb-container uagb-block-0d4ab6a1 alignfull uagb-is-root-container\"><div class=\"uagb-container-inner-blocks-wrap\">\n<div class=\"wp-block-uagb-advanced-heading uagb-block-cc34e482\"><h1 class=\"uagb-heading-text\">Alquiler de SUVs Autom\u00e1ticos en Guayaquil <\/h1><\/div>\n\n\n\n<div class=\"wp-block-uagb-advanced-heading uagb-block-1bafeb2f\"><h2 class=\"uagb-heading-text\">Alquiler de suvs en Guayaquil: Lo mejor y mas C\u00f3modo<\/h2><\/div>\n\n\n\n<p class=\"has-text-align-center\" style=\"font-size:14px\">Alquiler de suvs autom\u00e1tico en Guayaquil,  nuestros suvs combinan espacio, potencia y tecnolog\u00eda para todo tipo de viajes. Ideales para familias, grupos o viajeros que buscan carros SUV modernos, c\u00f3modos y seguros, con versiones 4&#215;4, autom\u00e1ticas o manuales. Perfectos para recorrer ciudad, carretera o terrenos exigentes con total confianza.<br>El alquiler de SUV en Guayaquil es la opci\u00f3n ideal para turismo, trabajo o aventura, con autos vers\u00e1tiles, eficientes y listos para cualquier destino. Reserva tu SUV y viaja con estilo, confort y seguridad.<\/p>\n<\/div><\/div>\n\n\n\n<div class=\"wp-block-uagb-container uagb-block-9ca54846 alignfull uagb-is-root-container\"><div class=\"uagb-container-inner-blocks-wrap\">\n<div class=\"wp-block-uagb-container uagb-block-618f314f\">\n<div class=\"wp-block-uagb-image aligncenter uagb-block-fc1bbce7 wp-block-uagb-image--layout-default wp-block-uagb-image--effect-static wp-block-uagb-image--align-center\"><figure class=\"wp-block-uagb-image__figure\"><a class=\"\" href=\"https:\/\/guayaquilrentacar.com\/wp-content\/uploads\/2025\/10\/kia-seltos-1200-x-720.jpeg\" target=\"\" rel=\"noopener\"><img decoding=\"async\" srcset=\"https:\/\/guayaquilrentacar.com\/wp-content\/uploads\/2025\/10\/kia-seltos-1200-x-720-1024x614.jpeg ,https:\/\/guayaquilrentacar.com\/wp-content\/uploads\/2025\/10\/kia-seltos-1200-x-720.jpeg 780w, https:\/\/guayaquilrentacar.com\/wp-content\/uploads\/2025\/10\/kia-seltos-1200-x-720.jpeg 360w\" sizes=\"auto, (max-width: 480px) 150px\" src=\"https:\/\/guayaquilrentacar.com\/wp-content\/uploads\/2025\/10\/kia-seltos-1200-x-720-1024x614.jpeg\" alt=\"Con el Alquiler de autos suv autom\u00e1ticos en Guayaquil rentacar podras manejar comodamente en la ciudad con mas tranquilidad y sin estr\u00e9s \" class=\"uag-image-1884\" width=\"600\" height=\"360\" title=\"kia seltos 1200 x 720\" loading=\"lazy\" role=\"img\"\/><\/a><\/figure><\/div>\n\n\n\n<div class=\"wp-block-uagb-buttons uagb-buttons__outer-wrap uagb-btn__default-btn uagb-btn-tablet__default-btn uagb-btn-mobile__default-btn uagb-block-87aec2ba\"><div class=\"uagb-buttons__wrap uagb-buttons-layout-wrap\">\n<div class=\"wp-block-uagb-buttons-child uagb-buttons__outer-wrap uagb-block-432a3f25 wp-block-button\"><div class=\"uagb-button__wrapper\"><a class=\"uagb-buttons-repeater wp-block-button__link\" aria-label=\"\" href=\"https:\/\/wa.me\/593988668077?text=Hola%20quiero%20hacer%20una%20reserva\" rel=\"follow noopener\" target=\"_self\" role=\"button\"><div class=\"uagb-button__link\">Reserve Now<\/div><\/a><\/div><\/div>\n<\/div><\/div>\n<\/div>\n<\/div><\/div>\n\n\n\n<div class=\"wp-block-uagb-container uagb-block-ade56e16 alignfull uagb-is-root-container\"><div class=\"uagb-container-inner-blocks-wrap\">\n<div style=\"height:30px\" aria-hidden=\"true\" class=\"wp-block-spacer\"><\/div>\n<\/div><\/div>\n\n\n\n<div class=\"wp-block-uagb-container uagb-block-e5f209ec alignfull uagb-is-root-container\"><div class=\"uagb-container-inner-blocks-wrap\">\n<div class=\"wp-block-uagb-image aligncenter uagb-block-17ba5a9d wp-block-uagb-image--layout-default wp-block-uagb-image--effect-static wp-block-uagb-image--align-center\"><figure class=\"wp-block-uagb-image__figure\"><a class=\"\" href=\"https:\/\/guayaquilrentacar.com\/wp-content\/uploads\/2025\/10\/Kia-Sportage-r-1200x720-1.jpeg\" target=\"\" rel=\"noopener\"><img decoding=\"async\" srcset=\"https:\/\/guayaquilrentacar.com\/wp-content\/uploads\/2025\/10\/Kia-Sportage-r-1200x720-1-1024x614.jpeg ,https:\/\/guayaquilrentacar.com\/wp-content\/uploads\/2025\/10\/Kia-Sportage-r-1200x720-1.jpeg 780w, https:\/\/guayaquilrentacar.com\/wp-content\/uploads\/2025\/10\/Kia-Sportage-r-1200x720-1.jpeg 360w\" sizes=\"auto, (max-width: 480px) 150px\" src=\"https:\/\/guayaquilrentacar.com\/wp-content\/uploads\/2025\/10\/Kia-Sportage-r-1200x720-1-1024x614.jpeg\" alt=\"El Alquiler de suvs en guayaquil podras disfutar de mejor confort en el momento de conducir viajes un poco mas largos\" class=\"uag-image-1906\" width=\"600\" height=\"360\" title=\"Kia-Sportage-r - Guayaquil Rent a Car\" loading=\"lazy\" role=\"img\"\/><\/a><figcaption class=\"uagb-image-caption\"><strong>Kia Sportage R<\/strong><\/figcaption><\/figure><\/div>\n\n\n\n<div class=\"wp-block-uagb-buttons uagb-buttons__outer-wrap uagb-btn__default-btn uagb-btn-tablet__default-btn uagb-btn-mobile__default-btn uagb-block-21a0d696\"><div class=\"uagb-buttons__wrap uagb-buttons-layout-wrap\">\n<div class=\"wp-block-uagb-buttons-child uagb-buttons__outer-wrap uagb-block-2f70084b wp-block-button\"><div class=\"uagb-button__wrapper\"><a class=\"uagb-buttons-repeater wp-block-button__link\" aria-label=\"\" href=\"https:\/\/wa.me\/593988668077?text=Hola%20quiero%20hacer%20una%20reserva\" rel=\"follow noopener\" target=\"_self\" role=\"button\"><div class=\"uagb-button__link\">Reserve Now<\/div><\/a><\/div><\/div>\n<\/div><\/div>\n<\/div><\/div>\n\n\n\n<div class=\"wp-block-uagb-container uagb-block-66c04d10 alignfull uagb-is-root-container\"><div class=\"uagb-container-inner-blocks-wrap\">\n<div style=\"height:30px\" aria-hidden=\"true\" class=\"wp-block-spacer\"><\/div>\n<\/div><\/div>\n\n\n\n<div class=\"wp-block-uagb-container uagb-block-563cefb6 alignfull uagb-is-root-container\"><div class=\"uagb-container-inner-blocks-wrap\">\n<div class=\"wp-block-uagb-image aligncenter uagb-block-013daa82 wp-block-uagb-image--layout-default wp-block-uagb-image--effect-static wp-block-uagb-image--align-center\"><figure class=\"wp-block-uagb-image__figure\"><a class=\"\" href=\"https:\/\/guayaquilrentacar.com\/wp-content\/uploads\/2025\/10\/Chery-Tiggo-7-1200x720-1.jpg\" target=\"\" rel=\"noopener\"><img decoding=\"async\" srcset=\"https:\/\/guayaquilrentacar.com\/wp-content\/uploads\/2025\/10\/Chery-Tiggo-7-1200x720-1-1024x614.jpg ,https:\/\/guayaquilrentacar.com\/wp-content\/uploads\/2025\/10\/Chery-Tiggo-7-1200x720-1.jpg 780w, https:\/\/guayaquilrentacar.com\/wp-content\/uploads\/2025\/10\/Chery-Tiggo-7-1200x720-1.jpg 360w\" sizes=\"auto, (max-width: 480px) 150px\" src=\"https:\/\/guayaquilrentacar.com\/wp-content\/uploads\/2025\/10\/Chery-Tiggo-7-1200x720-1-1024x614.jpg\" alt=\"Alquiler de Autos SUVs Autom\u00e1ticos en Guayaquil podras hacer viajes con tu familia y disfutar de la costa ecuatoriana\" class=\"uag-image-1907\" width=\"600\" height=\"360\" title=\"Alquiler de Autos SUVs Autom\u00e1ticos en Guayaquil\" loading=\"lazy\" role=\"img\"\/><\/a><\/figure><\/div>\n\n\n\n<div class=\"wp-block-uagb-buttons uagb-buttons__outer-wrap uagb-btn__default-btn uagb-btn-tablet__default-btn uagb-btn-mobile__default-btn uagb-block-27504b7e\"><div class=\"uagb-buttons__wrap uagb-buttons-layout-wrap\">\n<div class=\"wp-block-uagb-buttons-child uagb-buttons__outer-wrap uagb-block-50fc7c2f wp-block-button\"><div class=\"uagb-button__wrapper\"><a class=\"uagb-buttons-repeater wp-block-button__link\" aria-label=\"\" href=\"https:\/\/wa.me\/593988668077?text=Hola%20quiero%20hacer%20una%20reserva\" rel=\"follow noopener\" target=\"_self\" role=\"button\"><div class=\"uagb-button__link\">Reserve Now<\/div><\/a><\/div><\/div>\n<\/div><\/div>\n<\/div><\/div>\n\n\n\n<div class=\"wp-block-uagb-container uagb-block-3d68c7bd alignfull uagb-is-root-container\"><div class=\"uagb-container-inner-blocks-wrap\">\n<div class=\"wp-block-uagb-image aligncenter uagb-block-b648ee4d wp-block-uagb-image--layout-default wp-block-uagb-image--effect-static wp-block-uagb-image--align-center\"><figure class=\"wp-block-uagb-image__figure\"><a class=\"\" href=\"https:\/\/guayaquilrentacar.com\/wp-content\/uploads\/2025\/10\/chery-Tiggo-8-1200-x-720.jpeg\" target=\"\" rel=\"noopener\"><img decoding=\"async\" srcset=\"https:\/\/guayaquilrentacar.com\/wp-content\/uploads\/2025\/10\/chery-Tiggo-8-1200-x-720-1024x614.jpeg ,https:\/\/guayaquilrentacar.com\/wp-content\/uploads\/2025\/10\/chery-Tiggo-8-1200-x-720.jpeg 780w, https:\/\/guayaquilrentacar.com\/wp-content\/uploads\/2025\/10\/chery-Tiggo-8-1200-x-720.jpeg 360w\" sizes=\"auto, (max-width: 480px) 150px\" src=\"https:\/\/guayaquilrentacar.com\/wp-content\/uploads\/2025\/10\/chery-Tiggo-8-1200-x-720-1024x614.jpeg\" alt=\"Este auto suvs autom\u00e1tico tiene una capacidad de 7 pasajeros comodamente sentados, ideal para viajes largos y asi poder disfrutar de la sierra ecuatoriana \" class=\"uag-image-1909\" width=\"600\" height=\"360\" title=\"chery Tiggo 8 1200 x 720\" loading=\"lazy\" role=\"img\"\/><\/a><figcaption class=\"uagb-image-caption\"><strong>Chery Tiggo 8 &#8211; 7 Pasajeros<\/strong><\/figcaption><\/figure><\/div>\n\n\n\n<div class=\"wp-block-uagb-buttons uagb-buttons__outer-wrap uagb-btn__default-btn uagb-btn-tablet__default-btn uagb-btn-mobile__default-btn uagb-block-ef5eb72a\"><div class=\"uagb-buttons__wrap uagb-buttons-layout-wrap\">\n<div class=\"wp-block-uagb-buttons-child uagb-buttons__outer-wrap uagb-block-17f5a2eb wp-block-button\"><div class=\"uagb-button__wrapper\"><a class=\"uagb-buttons-repeater wp-block-button__link\" aria-label=\"\" href=\"https:\/\/wa.me\/593988668077?text=Hola%20quiero%20hacer%20una%20reserva\" rel=\"follow noopener\" target=\"_self\" role=\"button\"><div class=\"uagb-button__link\">Reserve Now<\/div><\/a><\/div><\/div>\n<\/div><\/div>\n<\/div><\/div>\n\n\n\n<div class=\"wp-block-uagb-container uagb-block-66253e7b alignfull uagb-is-root-container\"><div class=\"uagb-container-inner-blocks-wrap\">\n<div style=\"height:30px\" aria-hidden=\"true\" class=\"wp-block-spacer\"><\/div>\n<\/div><\/div>\n\n\n\n<div class=\"wp-block-uagb-container uagb-block-fc6c687c alignfull uagb-is-root-container\"><div class=\"uagb-container-inner-blocks-wrap\">\n<div class=\"wp-block-uagb-image aligncenter uagb-block-94911cd5 wp-block-uagb-image--layout-default wp-block-uagb-image--effect-static wp-block-uagb-image--align-center\"><figure class=\"wp-block-uagb-image__figure\"><a class=\"\" href=\"https:\/\/guayaquilrentacar.com\/wp-content\/uploads\/2025\/10\/kia-carnival-1200-x-720.jpg\" target=\"\" rel=\"noopener\"><img decoding=\"async\" srcset=\"https:\/\/guayaquilrentacar.com\/wp-content\/uploads\/2025\/10\/kia-carnival-1200-x-720-1024x614.jpg ,https:\/\/guayaquilrentacar.com\/wp-content\/uploads\/2025\/10\/kia-carnival-1200-x-720.jpg 780w, https:\/\/guayaquilrentacar.com\/wp-content\/uploads\/2025\/10\/kia-carnival-1200-x-720.jpg 360w\" sizes=\"auto, (max-width: 480px) 150px\" src=\"https:\/\/guayaquilrentacar.com\/wp-content\/uploads\/2025\/10\/kia-carnival-1200-x-720-1024x614.jpg\" alt=\"Kia grans carnival  en un alquiler de suv automatico en guayaquil ecuador, es una van ideal para viajar en grupo\" class=\"uag-image-1894\" width=\"600\" height=\"360\" title=\"kia carnival 1200 x 720\" loading=\"lazy\" role=\"img\"\/><\/a><figcaption class=\"uagb-image-caption\"><strong>Kia Carnival <\/strong><\/figcaption><\/figure><\/div>\n\n\n\n<div class=\"wp-block-uagb-buttons uagb-buttons__outer-wrap uagb-btn__default-btn uagb-btn-tablet__default-btn uagb-btn-mobile__default-btn uagb-block-e7cb580b\"><div class=\"uagb-buttons__wrap uagb-buttons-layout-wrap\">\n<div class=\"wp-block-uagb-buttons-child uagb-buttons__outer-wrap uagb-block-ef60c1f9 wp-block-button\"><div class=\"uagb-button__wrapper\"><a class=\"uagb-buttons-repeater wp-block-button__link\" aria-label=\"\" href=\"https:\/\/wa.me\/593988668077?text=Hola%20quiero%20hacer%20una%20reserva\" rel=\"follow noopener\" target=\"_self\" role=\"button\"><div class=\"uagb-button__link\">Reserve Now<\/div><\/a><\/div><\/div>\n<\/div><\/div>\n<\/div><\/div>\n\n\n\n<div class=\"wp-block-uagb-container uagb-block-2f19db68 alignfull uagb-is-root-container\"><div class=\"uagb-container-inner-blocks-wrap\">\n<div class=\"wp-block-uagb-advanced-heading uagb-block-0047c103\"><h3 class=\"uagb-heading-text\">Alquiler de Autos SUV en Guayaquil: 1 Potencia y Confort<\/h3><\/div>\n<\/div><\/div>\n\n\n\n<div class=\"wp-block-uagb-container uagb-block-032e41e0 alignfull uagb-is-root-container\"><div class=\"uagb-container-inner-blocks-wrap\">\n<div class=\"texto-alquiler-suv\">\n  <h2>Alquiler de Autos SUV en Guayaquil: Potencia, Confort y Estilo<\/h2>\n\n  <p>\n    <span class=\"resumen\">\n      \ud83d\ude99 Vive la experiencia premium de conducir con total comodidad gracias a nuestro servicio de <strong>alquiler de autos SUV<\/strong> en Guayaquil.<br>\n      Perfectos para familias, empresas y aventureros que buscan potencia, seguridad y dise\u00f1o moderno.\n    <\/span>\n  <\/p>\n\n  <ul class=\"completo\" style=\"display: none;\">\n    <li>Nuestros SUVs y suvs autom\u00e1tico combinan fuerza, tecnolog\u00eda y elegancia, ideales para todo tipo de terreno o viaje urbano.<\/li>\n    <li>Veh\u00edculos equipados con aire acondicionado, pantallas multimedia, c\u00e1maras de reversa y asientos ergon\u00f3micos.<\/li>\n    <li>Contamos con marcas reconocidas y modelos nuevos para garantizar un viaje confiable y placentero.<\/li>\n    <li>Opci\u00f3n de alquiler diario, semanal o mensual seg\u00fan tus necesidades de movilidad.<\/li>\n    <li>Excelente alternativa para traslados corporativos, turismo familiar o escapadas de fin de semana.<\/li>\n    <li>Atenci\u00f3n personalizada, soporte en ruta y mantenimiento constante en toda nuestra flota SUV.<\/li>\n    <li>Viaja con tranquilidad y estilo con Guayaquil Rentacar, tu aliado en transporte premium.<\/li>\n  <\/ul>\n\n  <button class=\"leerMasBtnSUV\">Read more<\/button>\n\n  <h3>Ventajas del alquiler de autos SUV en Guayaquil<\/h3>\n  <p>\n    Elegir un <strong>alquiler de autos SUV<\/strong> es sin\u00f3nimo de confort, amplitud y potencia. \n    Este tipo de veh\u00edculo ofrece una conducci\u00f3n estable, gran capacidad de carga y un rendimiento \u00f3ptimo en carretera o ciudad. \n    Ideal para quienes valoran la seguridad y el dise\u00f1o sin renunciar al rendimiento.\n  <\/p>\n\n  <img decoding=\"async\" src=\"https:\/\/guayaquilrentacar.com\/wp-content\/uploads\/alquiler-autos-suv.jpg\"\n       alt=\"Alquiler de autos SUV en Guayaquil con comodidad y estilo\"\n       style=\"width:100%; border-radius:10px; margin-top:15px;\">\n<\/div>\n\n<script>\ndocument.addEventListener(\"DOMContentLoaded\", () => {\n  const botonSUV = document.querySelector('.leerMasBtnSUV');\n  const textoCompletoSUV = document.querySelector('.texto-alquiler-suv .completo');\n\n  botonSUV.addEventListener('click', () => {\n    if (textoCompletoSUV.style.display === 'none' || textoCompletoSUV.style.display === '') {\n      textoCompletoSUV.style.display = 'block';\n      botonSUV.textContent = 'Leer menos';\n    } else {\n      textoCompletoSUV.style.display = 'none';\n      botonSUV.textContent = 'Leer m\u00e1s';\n    }\n  });\n});\n<\/script>\n\n<style>\n.texto-alquiler-suv {\n  font-family: Arial, sans-serif;\n  line-height: 1.8;\n  max-width: 1000px;\n  margin: 10px auto;\n  color: #333;\n}\n\n.texto-alquiler-suv h2,\n.texto-alquiler-suv h3 {\n  color: #0078D7;\n  font-weight: 700;\n  margin-top: 25px;\n}\n\n.texto-alquiler-suv .completo {\n  margin-top: 10px;\n  padding-left: 15px;\n}\n\n.texto-alquiler-suv .completo li {\n  margin-bottom: 8px;\n}\n\n.leerMasBtnSUV {\n  background-color: #0078D7;\n  color: white;\n  border: none;\n  padding: 10px 16px;\n  margin-top: 10px;\n  cursor: pointer;\n  border-radius: 5px;\n  font-size: 14px;\n  transition: background 0.3s ease;\n}\n\n.leerMasBtnSUV:hover {\n  background-color: #005fa3;\n}\n<\/style>\n<\/div><\/div>","protected":false},"excerpt":{"rendered":"<p>Alquiler de SUVs Autom\u00e1ticos en Guayaquil Alquiler de suvs en Guayaquil: Lo mejor y mas C\u00f3modo Alquiler de suvs autom\u00e1tico [&hellip;]<\/p>\n","protected":false},"author":1,"featured_media":455,"parent":0,"menu_order":0,"comment_status":"open","ping_status":"closed","template":"","meta":{"_uag_custom_page_level_css":"","site-sidebar-layout":"default","site-content-layout":"","ast-site-content-layout":"default","site-content-style":"default","site-sidebar-style":"default","ast-global-header-display":"","ast-banner-title-visibility":"","ast-main-header-display":"","ast-hfb-above-header-display":"","ast-hfb-below-header-display":"","ast-hfb-mobile-header-display":"","site-post-title":"disabled","ast-breadcrumbs-content":"","ast-featured-img":"disabled","footer-sml-layout":"","theme-transparent-header-meta":"","adv-header-id-meta":"","stick-header-meta":"","header-above-stick-meta":"","header-main-stick-meta":"","header-below-stick-meta":"","astra-migrate-meta-layouts":"default","ast-page-background-enabled":"default","ast-page-background-meta":{"desktop":{"background-color":"var(--ast-global-color-5)","background-image":"","background-repeat":"repeat","background-position":"center center","background-size":"auto","background-attachment":"scroll","background-type":"","background-media":"","overlay-type":"","overlay-color":"","overlay-opacity":"","overlay-gradient":""},"tablet":{"background-color":"","background-image":"","background-repeat":"repeat","background-position":"center center","background-size":"auto","background-attachment":"scroll","background-type":"","background-media":"","overlay-type":"","overlay-color":"","overlay-opacity":"","overlay-gradient":""},"mobile":{"background-color":"","background-image":"","background-repeat":"repeat","background-position":"center center","background-size":"auto","background-attachment":"scroll","background-type":"","background-media":"","overlay-type":"","overlay-color":"","overlay-opacity":"","overlay-gradient":""}},"ast-content-background-meta":{"desktop":{"background-color":"var(--ast-global-color-4)","background-image":"","background-repeat":"repeat","background-position":"center center","background-size":"auto","background-attachment":"scroll","background-type":"","background-media":"","overlay-type":"","overlay-color":"","overlay-opacity":"","overlay-gradient":""},"tablet":{"background-color":"var(--ast-global-color-4)","background-image":"","background-repeat":"repeat","background-position":"center center","background-size":"auto","background-attachment":"scroll","background-type":"","background-media":"","overlay-type":"","overlay-color":"","overlay-opacity":"","overlay-gradient":""},"mobile":{"background-color":"var(--ast-global-color-4)","background-image":"","background-repeat":"repeat","background-position":"center center","background-size":"auto","background-attachment":"scroll","background-type":"","background-media":"","overlay-type":"","overlay-color":"","overlay-opacity":"","overlay-gradient":""}},"footnotes":""},"class_list":["post-61","page","type-page","status-publish","has-post-thumbnail","hentry"],"uagb_featured_image_src":{"full":["https:\/\/guayaquilrentacar.com\/wp-content\/uploads\/2024\/01\/kia-seltos.webp",1200,745,false],"thumbnail":["https:\/\/guayaquilrentacar.com\/wp-content\/uploads\/2024\/01\/kia-seltos-150x150.webp",150,150,true],"medium":["https:\/\/guayaquilrentacar.com\/wp-content\/uploads\/2024\/01\/kia-seltos-300x186.webp",300,186,true],"medium_large":["https:\/\/guayaquilrentacar.com\/wp-content\/uploads\/2024\/01\/kia-seltos-768x477.webp",768,477,true],"large":["https:\/\/guayaquilrentacar.com\/wp-content\/uploads\/2024\/01\/kia-seltos-1024x636.webp",1024,636,true],"1536x1536":["https:\/\/guayaquilrentacar.com\/wp-content\/uploads\/2024\/01\/kia-seltos.webp",1200,745,false],"2048x2048":["https:\/\/guayaquilrentacar.com\/wp-content\/uploads\/2024\/01\/kia-seltos.webp",1200,745,false],"trp-custom-language-flag":["https:\/\/guayaquilrentacar.com\/wp-content\/uploads\/2024\/01\/kia-seltos.webp",18,12,false]},"uagb_author_info":{"display_name":"gyeadmin","author_link":"https:\/\/guayaquilrentacar.com\/en\/author\/admin\/"},"uagb_comment_info":0,"uagb_excerpt":"Alquiler de SUVs Autom\u00e1ticos en Guayaquil Alquiler de suvs en Guayaquil: Lo mejor y mas C\u00f3modo Alquiler de suvs autom\u00e1tico [&hellip;]","_links":{"self":[{"href":"https:\/\/guayaquilrentacar.com\/en\/wp-json\/wp\/v2\/pages\/61","targetHints":{"allow":["GET"]}}],"collection":[{"href":"https:\/\/guayaquilrentacar.com\/en\/wp-json\/wp\/v2\/pages"}],"about":[{"href":"https:\/\/guayaquilrentacar.com\/en\/wp-json\/wp\/v2\/types\/page"}],"author":[{"embeddable":true,"href":"https:\/\/guayaquilrentacar.com\/en\/wp-json\/wp\/v2\/users\/1"}],"replies":[{"embeddable":true,"href":"https:\/\/guayaquilrentacar.com\/en\/wp-json\/wp\/v2\/comments?post=61"}],"version-history":[{"count":102,"href":"https:\/\/guayaquilrentacar.com\/en\/wp-json\/wp\/v2\/pages\/61\/revisions"}],"predecessor-version":[{"id":3510,"href":"https:\/\/guayaquilrentacar.com\/en\/wp-json\/wp\/v2\/pages\/61\/revisions\/3510"}],"wp:featuredmedia":[{"embeddable":true,"href":"https:\/\/guayaquilrentacar.com\/en\/wp-json\/wp\/v2\/media\/455"}],"wp:attachment":[{"href":"https:\/\/guayaquilrentacar.com\/en\/wp-json\/wp\/v2\/media?parent=61"}],"curies":[{"name":"wp","href":"https:\/\/api.w.org\/{rel}","templated":true}]}}